{"id":15,"date":"2022-04-21T15:31:41","date_gmt":"2022-04-21T15:31:41","guid":{"rendered":"https:\/\/wirmischenunsein.de\/?page_id=15"},"modified":"2025-04-03T10:19:45","modified_gmt":"2025-04-03T10:19:45","slug":"willkommen","status":"publish","type":"page","link":"https:\/\/wirmischenunsein.de\/","title":{"rendered":"Willkommen"},"content":{"rendered":"<p>[et_pb_section fb_built=&#8220;1&#8243; inner_shadow=&#8220;on&#8220; fullwidth=&#8220;on&#8220; _builder_version=&#8220;4.17.1&#8243; _module_preset=&#8220;default&#8220; background_color=&#8220;RGBA(0,0,0,0)&#8220; use_background_color_gradient=&#8220;on&#8220; background_color_gradient_direction=&#8220;330deg&#8220; background_color_gradient_stops=&#8220;rgba(0,0,0,0) 0%|rgba(0,0,0,0) 100%&#8220; background_color_gradient_start=&#8220;rgba(0,0,0,0)&#8220; background_color_gradient_end=&#8220;rgba(0,0,0,0)&#8220; background_enable_image=&#8220;off&#8220; min_height=&#8220;425px&#8220; height_tablet=&#8220;auto&#8220; height_phone=&#8220;&#8220; height_last_edited=&#8220;on|tablet&#8220; custom_margin=&#8220;||-5px||false|false&#8220; custom_margin_tablet=&#8220;&#8220; custom_margin_phone=&#8220;||0px||false|false&#8220; custom_margin_last_edited=&#8220;on|phone&#8220; custom_padding=&#8220;||0px||false|false&#8220; background_last_edited=&#8220;on|phone&#8220; background_size_phone=&#8220;contain&#8220; box_shadow_style=&#8220;preset1&#8243; global_colors_info=&#8220;{}&#8220;][et_pb_fullwidth_slider show_arrows=&#8220;off&#8220; show_pagination=&#8220;off&#8220; show_content_on_mobile=&#8220;off&#8220; show_cta_on_mobile=&#8220;off&#8220; _builder_version=&#8220;4.27.0&#8243; _module_preset=&#8220;default&#8220; background_color=&#8220;RGBA(255,255,255,0)&#8220; background_size=&#8220;contain&#8220; custom_button=&#8220;on&#8220; button_text_color=&#8220;#FFFFFF&#8220; button_bg_color=&#8220;#3B3A3A&#8220; min_height=&#8220;459.5px&#8220; custom_margin=&#8220;||72px||false|false&#8220; custom_padding=&#8220;||0px|||&#8220; background_last_edited=&#8220;on|phone&#8220; global_colors_info=&#8220;{}&#8220;][et_pb_slide use_bg_overlay=&#8220;off&#8220; use_text_overlay=&#8220;off&#8220; _builder_version=&#8220;4.27.0&#8243; _module_preset=&#8220;default&#8220; header_level=&#8220;h1&#8243; header_font=&#8220;|700|||||||&#8220; background_image=&#8220;https:\/\/wirmischenunsein.de\/wp-content\/uploads\/2024\/10\/23-0506-aktionstag.jpg&#8220; background_enable_image=&#8220;on&#8220; custom_button=&#8220;on&#8220; button_text_size=&#8220;26px&#8220; button_bg_color=&#8220;#3B3A3A&#8220; button_border_width=&#8220;0px&#8220; width=&#8220;50%&#8220; width_tablet=&#8220;&#8220; width_phone=&#8220;&#8220; width_last_edited=&#8220;on|phone&#8220; custom_padding=&#8220;0px|0px|100px|0px|false|false&#8220; filter_saturate=&#8220;101%&#8220; background_color_phone=&#8220;RGBA(255,255,255,0)&#8220; background_last_edited=&#8220;on|phone&#8220; background_enable_color_phone=&#8220;on&#8220; background_size_phone=&#8220;contain&#8220; background_image_width_phone=&#8220;85%&#8220; background_image_height_phone=&#8220;57%&#8220; global_colors_info=&#8220;{}&#8220; sticky_transition=&#8220;on&#8220;][\/et_pb_slide][\/et_pb_fullwidth_slider][\/et_pb_section][et_pb_section fb_built=&#8220;1&#8243; _builder_version=&#8220;4.17.1&#8243; _module_preset=&#8220;default&#8220; min_height=&#8220;1441.5px&#8220; custom_margin=&#8220;-3px|||||&#8220; custom_padding=&#8220;7px||1px|||&#8220; top_divider_color_tablet=&#8220;&#8220; top_divider_color_phone=&#8220;&#8220; top_divider_color_last_edited=&#8220;on|phone&#8220; global_colors_info=&#8220;{}&#8220;][et_pb_row _builder_version=&#8220;4.27.4&#8243; _module_preset=&#8220;default&#8220; global_colors_info=&#8220;{}&#8220;][et_pb_column type=&#8220;4_4&#8243; _builder_version=&#8220;4.27.4&#8243; _module_preset=&#8220;default&#8220; global_colors_info=&#8220;{}&#8220;][et_pb_text _builder_version=&#8220;4.27.4&#8243; _module_preset=&#8220;default&#8220; header_font=&#8220;|700|||||||&#8220; header_text_color=&#8220;#FFFFFF&#8220; header_line_height=&#8220;1.7em&#8220; header_2_line_height=&#8220;1.7em&#8220; background_color=&#8220;#CC0057&#8243; module_alignment=&#8220;left&#8220; height=&#8220;60px&#8220; custom_margin=&#8220;0px||||false|false&#8220; custom_padding=&#8220;0px||0px|10px|false|false&#8220; global_colors_info=&#8220;{}&#8220;]<\/p>\n<h1><strong>Am 30. M\u00e4rz 2025 wurde der Behindertenbeirat neu gew\u00e4hlt.<\/strong><\/h1>\n<p>[\/et_pb_text][\/et_pb_column][\/et_pb_row][et_pb_row column_structure=&#8220;2_3,1_3&#8243; _builder_version=&#8220;4.16&#8243; _module_preset=&#8220;default&#8220; min_height=&#8220;356.7px&#8220; custom_margin=&#8220;-5px|auto||auto||&#8220; global_colors_info=&#8220;{}&#8220;][et_pb_column type=&#8220;2_3&#8243; _builder_version=&#8220;4.16&#8243; _module_preset=&#8220;default&#8220; global_colors_info=&#8220;{}&#8220;][et_pb_text _builder_version=&#8220;4.27.4&#8243; _module_preset=&#8220;default&#8220; text_text_color=&#8220;#000000&#8243; text_font_size=&#8220;18px&#8220; global_colors_info=&#8220;{}&#8220;]<\/p>\n<p class=\"p1\">Am 30. M\u00e4rz 2025 fand die Wahl des Beirats f\u00fcr Menschen mit Behinderungen der Stadt Freiburg statt. Neben der Wahl der 16 Pl\u00e4tze f\u00fcr Menschen mit Behinderungen fand auch die Wahl der f\u00fcnf Delegierten von Organisationen der Behindertenhilfe statt.<\/p>\n<p class=\"p2\">\n<p class=\"p1\"><b>1. Wahl der Delegierten der Organisationen mit Dienstleistungsangebot<\/b><\/p>\n<p class=\"p2\">\n<p class=\"p1\">F\u00fcr die Organisationen der Behindertenhilfe konnten f\u00fcnf Pl\u00e4tze gew\u00e4hlt werden. Im Vorfeld hatten sich sechs Organisationen mit Delegierten zur Kandidatur gemeldet.<\/p>\n<p class=\"p2\">\n<p class=\"p1\">Die Wahl fand in der Delegiertenversammlung am Wahltag von 10:00 bis 10:30 Uhr statt. Es waren f\u00fcnf von sechs gemeldeten Delegierten anwesend.<\/p>\n<p class=\"p2\">\n<p class=\"p1\">Als Delegierte wurden gew\u00e4hlt (in alphabetische Reihenfolge):<\/p>\n<p class=\"p2\">\n<p class=\"p1\"><strong>K\u00f6thnig, Norbert<\/strong><\/p>\n<p class=\"p1\"><strong>L\u00f6er, Silke<\/strong><\/p>\n<p class=\"p1\"><strong>Schmid, Daniela<\/strong><\/p>\n<p class=\"p1\"><strong>Schwarz, Andrea<\/strong><\/p>\n<p class=\"p1\"><strong>Wicik, Rafael\u00a0<\/strong><\/p>\n<p><strong><\/strong><\/p>\n<p>[\/et_pb_text][et_pb_text _builder_version=&#8220;4.27.4&#8243; _module_preset=&#8220;default&#8220; text_text_color=&#8220;#000000&#8243; text_font_size=&#8220;18px&#8220; global_colors_info=&#8220;{}&#8220;]<\/p>\n<p class=\"p1\"><b>2. Wahl der 16 Pl\u00e4tze f\u00fcr Menschen mit Behinderungen<\/b><\/p>\n<p class=\"p1\">Die Wahlbeteiligung lag bei 398 W\u00e4hler*innen. 187 Wahlberechtigte haben per Briefwahl gew\u00e4hlt, 211 Wahlberechtigte kamen am Wahltag zwischen 10 und 17 Uhr ins Wahllokal im Rathaus im St\u00fchlinger.<\/p>\n<p class=\"p1\">37 Stimmzettel waren ung\u00fcltig. Entweder weil die Personen nicht in Freiburg gemeldet sind, sie keinen Nachweis \u00fcber den Grad der Behinderung angegeben hatten oder mehr als 16 Stimmen vergeben wurden.<\/p>\n<p class=\"p1\">Insgesamt kandidierten 54 Personen auf die 16 Pl\u00e4tze f\u00fcr Menschen mit Behinderungen im Behindertenbeirat.<\/p>\n<p class=\"p1\">Folgende Kandidierende sind nach Auswertung der Stimmen Mitglieder im Behindertenbeirat ab M\u00e4rz 2025 (in alphabetische Reihenfolge, vorbehaltlich der Annahme der Wahl):<\/p>\n<p class=\"p2\">\n<p class=\"p1\"><strong>Baumgartner, Susanne<\/strong><\/p>\n<p class=\"p1\"><strong>Becker, Klaus Werner<\/strong><\/p>\n<p class=\"p1\"><strong>Borchardt, Wolfgang<\/strong><\/p>\n<p class=\"p1\"><strong>Duffner, Lena<\/strong><\/p>\n<p class=\"p1\"><strong>Eikmeyer, Kevin<\/strong><\/p>\n<p class=\"p1\"><strong>Faulm\u00fcller, Andreas<\/strong><\/p>\n<p class=\"p1\"><strong>Gr\u00e4sslin, Max<\/strong><\/p>\n<p class=\"p1\"><strong>Habichhorst, Britta<\/strong><\/p>\n<p class=\"p1\"><strong>Haag, Alexandra<\/strong><\/p>\n<p class=\"p1\"><strong>Heider, J\u00fcrgen<\/strong><\/p>\n<p class=\"p1\"><strong>Kunz, Birgitt<\/strong><\/p>\n<p class=\"p1\"><strong>Riedel, Philipp<\/strong><\/p>\n<p class=\"p1\"><strong>Schindler, Eveline<\/strong><\/p>\n<p class=\"p1\"><strong>Wehrle, Hanna<\/strong><\/p>\n<p class=\"p1\"><strong>Wolf, Andreas<\/strong><\/p>\n<p class=\"p1\"><strong>Zahn, Rebecca<\/strong><\/p>\n<p class=\"p2\">\n<p class=\"p2\">\n<p class=\"p1\">Entsprechend der Wahlordnung werden sieben der sechzehn Sitze an die Menschen vergeben, die in der jeweiligen Gruppe, die meisten Stimmen erzielt haben. So wird garantiert, dass aus jeder Gruppe von Menschen mit Behinderungen mindestens ein Mitglied im Beirat vertreten und die Zusammensetzung m\u00f6glichst vielf\u00e4ltig ist.<\/p>\n<p class=\"p2\">\n<p class=\"p1\">Die restlichen neun Pl\u00e4tze werden entsprechend der Gesamtstimmenanzahl vergeben. Hier spielt die Gruppe, in der eine Person kandidiert hat, keine Rolle.<\/p>\n<p><strong><\/strong><\/p>\n<p>[\/et_pb_text][\/et_pb_column][et_pb_column type=&#8220;1_3&#8243; _builder_version=&#8220;4.16&#8243; _module_preset=&#8220;default&#8220; global_colors_info=&#8220;{}&#8220;][et_pb_cta title=&#8220;Information&#8220; button_text=&#8220;Klicks&#8220; _builder_version=&#8220;4.23.1&#8243; _module_preset=&#8220;default&#8220; header_font=&#8220;|700|||||||&#8220; header_text_align=&#8220;left&#8220; body_font=&#8220;|600|||||||&#8220; background_color=&#8220;#000000&#8243; global_colors_info=&#8220;{}&#8220;]<\/p>\n<p style=\"text-align: left;\">Weitere Informationen zum Behindertenbeirat der Stadt Freiburg finden Sie auf der Website:<a href=\"https:\/\/www.behindertenbeirat-freiburg.de\" target=\"_blank\" rel=\"noopener\" title=\"www.behindertenbeirat-freiburg.de\"> www.behindertenbeirat-freiburg.de<\/a><\/p>\n<p>[\/et_pb_cta][et_pb_button button_url=&#8220;https:\/\/behindertenbeirat-freiburg.de&#8220; url_new_window=&#8220;on&#8220; button_text=&#8220;Zum Behindertenbeirat&#8220; _builder_version=&#8220;4.27.4&#8243; _module_preset=&#8220;default&#8220; custom_button=&#8220;on&#8220; button_text_size=&#8220;24px&#8220; button_text_color=&#8220;#000000&#8243; button_border_width=&#8220;4px&#8220; global_colors_info=&#8220;{}&#8220;][\/et_pb_button][\/et_pb_column][\/et_pb_row][\/et_pb_section]<\/p>\n","protected":false},"excerpt":{"rendered":"<p>Am 30. M\u00e4rz 2025 wurde der Behindertenbeirat neu gew\u00e4hlt.Am 30. M\u00e4rz 2025 fand die Wahl des Beirats f\u00fcr Menschen mit Behinderungen der Stadt Freiburg statt. Neben der Wahl der 16 Pl\u00e4tze f\u00fcr Menschen mit Behinderungen fand auch die Wahl der f\u00fcnf Delegierten von Organisationen der Behindertenhilfe statt. 1. Wahl der Delegierten der Organisationen mit Dienstleistungsangebot [&hellip;]<\/p>\n","protected":false},"author":1,"featured_media":0,"parent":0,"menu_order":0,"comment_status":"closed","ping_status":"closed","template":"","meta":{"_et_pb_use_builder":"on","_et_pb_old_content":"","_et_gb_content_width":"","footnotes":""},"class_list":["post-15","page","type-page","status-publish","hentry"],"_links":{"self":[{"href":"https:\/\/wirmischenunsein.de\/index.php\/wp-json\/wp\/v2\/pages\/15","targetHints":{"allow":["GET"]}}],"collection":[{"href":"https:\/\/wirmischenunsein.de\/index.php\/wp-json\/wp\/v2\/pages"}],"about":[{"href":"https:\/\/wirmischenunsein.de\/index.php\/wp-json\/wp\/v2\/types\/page"}],"author":[{"embeddable":true,"href":"https:\/\/wirmischenunsein.de\/index.php\/wp-json\/wp\/v2\/users\/1"}],"replies":[{"embeddable":true,"href":"https:\/\/wirmischenunsein.de\/index.php\/wp-json\/wp\/v2\/comments?post=15"}],"version-history":[{"count":116,"href":"https:\/\/wirmischenunsein.de\/index.php\/wp-json\/wp\/v2\/pages\/15\/revisions"}],"predecessor-version":[{"id":495,"href":"https:\/\/wirmischenunsein.de\/index.php\/wp-json\/wp\/v2\/pages\/15\/revisions\/495"}],"wp:attachment":[{"href":"https:\/\/wirmischenunsein.de\/index.php\/wp-json\/wp\/v2\/media?parent=15"}],"curies":[{"name":"wp","href":"https:\/\/api.w.org\/{rel}","templated":true}]}}